{"id":8727,"date":"2026-05-13T14:45:36","date_gmt":"2026-05-13T12:45:36","guid":{"rendered":"https:\/\/www.pdfmapper.com\/?page_id=8727"},"modified":"2026-05-13T14:45:37","modified_gmt":"2026-05-13T12:45:37","slug":"karriere","status":"publish","type":"page","link":"https:\/\/www.pdfmapper.com\/index.php\/karriere\/","title":{"rendered":"Karriere"},"content":{"rendered":"\n<p>F\u00fcr folgende Aufgaben suchen wir Unterst\u00fctzung.<\/p>\n\n\n\n<div style=\"height:70px\" aria-hidden=\"true\" class=\"wp-block-spacer\"><\/div>\n\n\n\n<h3 class=\"wp-block-heading\">Freier Mitarbeiter (m\/w\/d) \u2013 Pflege und Weiterentwicklung einer Anwendung<\/h3>\n\n\n\n<p>Kennzeichen: [FM-PWA]<\/p>\n\n\n\n<h4 class=\"wp-block-heading\">Ihre Aufgabe<\/h4>\n\n\n\n<ul class=\"wp-block-list\">\n<li>Pflege, Wartung und kontinuierliche Weiterentwicklung einer bestehenden Anwendung<\/li>\n\n\n\n<li>Analyse und Umsetzung fachlicher sowie technischer Anforderungen<\/li>\n\n\n\n<li>Sicherstellung eines stabilen und performanten Betriebs<\/li>\n\n\n\n<li>Enge Abstimmung mit Fachbereichen und Stakeholdern<\/li>\n\n\n\n<li>Perspektivisch eigenverantwortliche \u00dcbernahme der Applikation<\/li>\n<\/ul>\n\n\n\n<h4 class=\"wp-block-heading\">Ihr Profil<\/h4>\n\n\n\n<ul class=\"wp-block-list\">\n<li>Fundiertes IT-technisches Fachwissen in der Konzeption, Entwicklung und dem Betrieb kundenorientierter Softwarel\u00f6sungen<\/li>\n\n\n\n<li>Erfahrung in der Integration digitaler Prozesse und Systemlandschaften<\/li>\n\n\n\n<li>Verst\u00e4ndnis f\u00fcr betriebswirtschaftliche Zusammenh\u00e4nge und Anforderungen<\/li>\n\n\n\n<li>Strukturierte, eigenverantwortliche Arbeitsweise<\/li>\n\n\n\n<li>Hohe Einsatzbereitschaft sowie Bereitschaft zur Einarbeitung in bestehende Systeme<\/li>\n<\/ul>\n\n\n\n<h4 class=\"wp-block-heading\">Technologiestack<\/h4>\n\n\n\n<ul class=\"wp-block-list\">\n<li>Apache Camel<\/li>\n\n\n\n<li>Spring Framework<\/li>\n\n\n\n<li>XSL \/ XSLT<\/li>\n\n\n\n<li>AngularJS<\/li>\n\n\n\n<li>WebServices (REST)<\/li>\n\n\n\n<li>Windows und Linux<\/li>\n\n\n\n<li>Docker<\/li>\n<\/ul>\n\n\n\n<h4 class=\"wp-block-heading\">Sprachkenntnisse<\/h4>\n\n\n\n<ul class=\"wp-block-list\">\n<li>Deutsch und Englisch flie\u00dfend in Wort und Schrift<\/li>\n<\/ul>\n\n\n\n<h4 class=\"wp-block-heading\">Rahmenbedingungen<\/h4>\n\n\n\n<ul class=\"wp-block-list\">\n<li>Einsatz als freier Mitarbeiter (Freelancer)<\/li>\n\n\n\n<li>Start: jederzeit<\/li>\n\n\n\n<li>Laufzeit: nach Absprache<\/li>\n\n\n\n<li>Einsatzort: Remote<\/li>\n\n\n\n<li>Umfang: Teilzeit, nach Absprache<\/li>\n<\/ul>\n\n\n\n<h4 class=\"wp-block-heading\">Wir bieten<\/h4>\n\n\n\n<ul class=\"wp-block-list\">\n<li>Anspruchsvolle und langfristige Aufgabe mit Perspektive zur eigenverantwortlichen System\u00fcbernahme<\/li>\n\n\n\n<li>Technisch vielseitiges Umfeld<\/li>\n\n\n\n<li>Zusammenarbeit in einem erfahrenen Team<\/li>\n\n\n\n<li>Flexible Arbeitsgestaltung<\/li>\n<\/ul>\n\n\n\n<h4 class=\"wp-block-heading\">Interesse?<\/h4>\n\n\n\n<p>Wir freuen uns auf Ihre Kontaktaufnahme unter&nbsp;<a href=\"mailto:info@exxtainer.com\" target=\"_blank\" rel=\"noreferrer noopener\">info@exxtainer.com<\/a>&nbsp;mit dem Betreff \u201e[FM-PWA] Freie Mitarbeit\u201c und Informationen zu Ihrem Profil und Ihrer bisherigen Projekterfahrung.<\/p>\n","protected":false},"excerpt":{"rendered":"<p>F\u00fcr folgende Aufgaben suchen wir Unterst\u00fctzung. Freier Mitarbeiter (m\/w\/d) \u2013 Pflege und Weiterentwicklung einer Anwendung Kennzeichen: [FM-PWA] Ihre Aufgabe Ihr Profil Technologiestack Sprachkenntnisse Rahmenbedingungen Wir bieten Interesse? Wir freuen uns auf Ihre Kontaktaufnahme unter&nbsp;info@exxtainer.com&nbsp;mit dem Betreff \u201e[FM-PWA] Freie Mitarbeit\u201c und Informationen zu Ihrem Profil und Ihrer bisherigen Projekterfahrung.<\/p>\n","protected":false},"author":1,"featured_media":0,"parent":0,"menu_order":0,"comment_status":"closed","ping_status":"closed","template":"","meta":{"arc_restricted_post":false,"kk_blocks_editor_width":"","_kiokenblocks_attr":"","_kiokenblocks_dimensions":"","footnotes":""},"class_list":["post-8727","page","type-page","status-publish","hentry"],"featured_image_src":null,"featured_image_src_square":null,"_links":{"self":[{"href":"https:\/\/www.pdfmapper.com\/index.php\/wp-json\/wp\/v2\/pages\/8727","targetHints":{"allow":["GET"]}}],"collection":[{"href":"https:\/\/www.pdfmapper.com\/index.php\/wp-json\/wp\/v2\/pages"}],"about":[{"href":"https:\/\/www.pdfmapper.com\/index.php\/wp-json\/wp\/v2\/types\/page"}],"author":[{"embeddable":true,"href":"https:\/\/www.pdfmapper.com\/index.php\/wp-json\/wp\/v2\/users\/1"}],"replies":[{"embeddable":true,"href":"https:\/\/www.pdfmapper.com\/index.php\/wp-json\/wp\/v2\/comments?post=8727"}],"version-history":[{"count":1,"href":"https:\/\/www.pdfmapper.com\/index.php\/wp-json\/wp\/v2\/pages\/8727\/revisions"}],"predecessor-version":[{"id":8728,"href":"https:\/\/www.pdfmapper.com\/index.php\/wp-json\/wp\/v2\/pages\/8727\/revisions\/8728"}],"wp:attachment":[{"href":"https:\/\/www.pdfmapper.com\/index.php\/wp-json\/wp\/v2\/media?parent=8727"}],"curies":[{"name":"wp","href":"https:\/\/api.w.org\/{rel}","templated":true}]}}